{"id":14175,"date":"2020-06-30T08:38:24","date_gmt":"2020-06-30T07:38:24","guid":{"rendered":"https:\/\/www.betsara.com\/speaking-about-us\/"},"modified":"2020-11-19T16:42:17","modified_gmt":"2020-11-19T15:42:17","slug":"speaking-about-us","status":"publish","type":"page","link":"https:\/\/www.betsara.com\/en\/speaking-about-us\/","title":{"rendered":"Speaking about us"},"content":{"rendered":"\n<h2 class=\"has-text-align-center wp-block-heading\">National TV and Paper<\/h2>\n\n\n\n<h3 class=\"has-text-align-center wp-block-heading\">FRANCE 5<\/h3>\n\n\n\n<div class=\"wp-block-image\"><figure class=\"aligncenter\"><a href=\"http:\/\/ltom.fr\/emissions\/Les-Temoins-dOutremer-Lundi-mars-382\/x5feazk\" target=\"_blank\" rel=\"noopener\"><img loading=\"lazy\" decoding=\"async\" width=\"600\" height=\"337\" src=\"https:\/\/www.betsara.com\/wp-content\/uploads\/2018\/09\/les-temoins-doutremer-600x337.jpg\" alt=\"\" class=\"wp-image-1586\" srcset=\"https:\/\/www.betsara.com\/wp-content\/uploads\/2018\/09\/les-temoins-doutremer-600x337.jpg 600w, https:\/\/www.betsara.com\/wp-content\/uploads\/2018\/09\/les-temoins-doutremer-500x281.jpg 500w, https:\/\/www.betsara.com\/wp-content\/uploads\/2018\/09\/les-temoins-doutremer-1024x576.jpg 1024w, https:\/\/www.betsara.com\/wp-content\/uploads\/2018\/09\/les-temoins-doutremer-1080x607.jpg 1080w, https:\/\/www.betsara.com\/wp-content\/uploads\/2018\/09\/les-temoins-doutremer-200x112.jpg 200w, https:\/\/www.betsara.com\/wp-content\/uploads\/2018\/09\/les-temoins-doutremer-900x506.jpg 900w, https:\/\/www.betsara.com\/wp-content\/uploads\/2018\/09\/les-temoins-doutremer-1200x675.jpg 1200w, https:\/\/www.betsara.com\/wp-content\/uploads\/2018\/09\/les-temoins-doutremer-800x450.jpg 800w, https:\/\/www.betsara.com\/wp-content\/uploads\/2018\/09\/les-temoins-doutremer-400x225.jpg 400w, https:\/\/www.betsara.com\/wp-content\/uploads\/2018\/09\/les-temoins-doutremer-300x169.jpg 300w, https:\/\/www.betsara.com\/wp-content\/uploads\/2018\/09\/les-temoins-doutremer.jpg 1366w\" sizes=\"auto, (max-width: 600px) 100vw, 600px\" \/><\/a><\/figure><\/div>\n\n\n\n<p class=\"has-text-align-center\">France 5: interview and sharing of the film L&#8217;Or Vert de Madagascar in the program <a href=\"http:\/\/ltom.fr\/emissions\/Les-Temoins-dOutremer-Lundi-mars-382\/x5feazk\" target=\"_blank\" rel=\"noopener\">&#8220;Les T\u00e9moins d&#8217;outre-mer&#8221; (Overseas Witnesses)<\/a> on 20 March 2018<\/p>\n\n\n\n<h3 class=\"has-text-align-center wp-block-heading\">Lib\u00e9ration piece<\/h3>\n\n\n\n<h4 class=\"has-text-align-center wp-block-heading\"><img loading=\"lazy\" decoding=\"async\" class=\"size-full wp-image-1510 aligncenter\" src=\"https:\/\/www.betsara.com\/wp-content\/uploads\/2018\/08\/libA\u00a9ration.jpg\" alt=\"\" width=\"272\" height=\"100\" srcset=\"https:\/\/www.betsara.com\/wp-content\/uploads\/2018\/08\/libA\u00a9ration.jpg 272w, https:\/\/www.betsara.com\/wp-content\/uploads\/2018\/08\/libA\u00a9ration-200x74.jpg 200w\" sizes=\"auto, (max-width: 272px) 100vw, 272px\" \/><\/h4>\n\n\n\n<div class=\"wp-block-image\"><figure class=\"aligncenter\"><a href=\"https:\/\/www.betsara.com\/wp-content\/uploads\/2018\/09\/libe-vegan.jpg\" target=\"_blank\" rel=\"noopener noreferrer\"><img loading=\"lazy\" decoding=\"async\" width=\"443\" height=\"600\" src=\"https:\/\/www.betsara.com\/wp-content\/uploads\/2018\/09\/libe-vegan-443x600.jpg\" alt=\"\" class=\"wp-image-1591\" srcset=\"https:\/\/www.betsara.com\/wp-content\/uploads\/2018\/09\/libe-vegan-443x600.jpg 443w, https:\/\/www.betsara.com\/wp-content\/uploads\/2018\/09\/libe-vegan-500x677.jpg 500w, https:\/\/www.betsara.com\/wp-content\/uploads\/2018\/09\/libe-vegan-756x1024.jpg 756w, https:\/\/www.betsara.com\/wp-content\/uploads\/2018\/09\/libe-vegan-200x271.jpg 200w, https:\/\/www.betsara.com\/wp-content\/uploads\/2018\/09\/libe-vegan-600x812.jpg 600w, https:\/\/www.betsara.com\/wp-content\/uploads\/2018\/09\/libe-vegan-900x1218.jpg 900w, https:\/\/www.betsara.com\/wp-content\/uploads\/2018\/09\/libe-vegan-1024x1386.jpg 1024w, https:\/\/www.betsara.com\/wp-content\/uploads\/2018\/09\/libe-vegan-800x1083.jpg 800w, https:\/\/www.betsara.com\/wp-content\/uploads\/2018\/09\/libe-vegan-400x542.jpg 400w, https:\/\/www.betsara.com\/wp-content\/uploads\/2018\/09\/libe-vegan-300x406.jpg 300w, https:\/\/www.betsara.com\/wp-content\/uploads\/2018\/09\/libe-vegan.jpg 1074w\" sizes=\"auto, (max-width: 443px) 100vw, 443px\" \/><\/a><\/figure><\/div>\n\n\n\n<p class=\"has-text-align-center\">Interview in Lib\u00e9ration July 2017: BE TSARA, THE ETHIC RAVINTSARA OIL<\/p>\n\n\n\n<div class=\"wp-block-image\"><figure class=\"aligncenter\"><a href=\"https:\/\/www.betsara.com\/wp-content\/uploads\/2018\/09\/Libe-bio.jpg\"><img loading=\"lazy\" decoding=\"async\" width=\"460\" height=\"600\" src=\"https:\/\/www.betsara.com\/wp-content\/uploads\/2018\/09\/Libe-bio-460x600.jpg\" alt=\"\" class=\"wp-image-1589\" srcset=\"https:\/\/www.betsara.com\/wp-content\/uploads\/2018\/09\/Libe-bio-460x600.jpg 460w, https:\/\/www.betsara.com\/wp-content\/uploads\/2018\/09\/Libe-bio-500x652.jpg 500w, https:\/\/www.betsara.com\/wp-content\/uploads\/2018\/09\/Libe-bio-785x1024.jpg 785w, https:\/\/www.betsara.com\/wp-content\/uploads\/2018\/09\/Libe-bio-200x261.jpg 200w, https:\/\/www.betsara.com\/wp-content\/uploads\/2018\/09\/Libe-bio-600x783.jpg 600w, https:\/\/www.betsara.com\/wp-content\/uploads\/2018\/09\/Libe-bio-900x1174.jpg 900w, https:\/\/www.betsara.com\/wp-content\/uploads\/2018\/09\/Libe-bio-1024x1336.jpg 1024w, https:\/\/www.betsara.com\/wp-content\/uploads\/2018\/09\/Libe-bio-800x1044.jpg 800w, https:\/\/www.betsara.com\/wp-content\/uploads\/2018\/09\/Libe-bio-400x522.jpg 400w, https:\/\/www.betsara.com\/wp-content\/uploads\/2018\/09\/Libe-bio-300x391.jpg 300w, https:\/\/www.betsara.com\/wp-content\/uploads\/2018\/09\/Libe-bio.jpg 1057w\" sizes=\"auto, (max-width: 460px) 100vw, 460px\" \/><\/a><\/figure><\/div>\n\n\n\n<p class=\"has-text-align-center\">Interview with Guillaume G\u00e9rault and description of the ravintsara in Lib\u00e9ration. <a href=\"http:\/\/scribeo.liberation.fr\/special-bio-2018\/akal-nivas\/\" target=\"_blank\" rel=\"noopener\">To be found on the Web here<\/a><\/p>\n\n\n\n<h2 class=\"has-text-align-center wp-block-heading\">Blog\/Vlog<\/h2>\n\n\n\n<div class=\"wp-block-image\"><figure class=\"aligncenter\"><img loading=\"lazy\" decoding=\"async\" width=\"186\" height=\"25\" src=\"https:\/\/www.betsara.com\/wp-content\/uploads\/2018\/08\/positivr.jpg\" alt=\"\" class=\"wp-image-1508\"\/><\/figure><\/div>\n\n\n\n<div class=\"wp-block-image\"><figure class=\"aligncenter\"><a href=\"https:\/\/positivr.fr\/be-tsara-huile-essentielle-ravintsara-equitable\/\" target=\"_blank\" rel=\"noopener\"><img loading=\"lazy\" decoding=\"async\" width=\"600\" height=\"337\" src=\"https:\/\/www.betsara.com\/wp-content\/uploads\/2018\/09\/positivr-1er-article-600x337.jpg\" alt=\"\" class=\"wp-image-1624\" srcset=\"https:\/\/www.betsara.com\/wp-content\/uploads\/2018\/09\/positivr-1er-article-600x337.jpg 600w, https:\/\/www.betsara.com\/wp-content\/uploads\/2018\/09\/positivr-1er-article-500x281.jpg 500w, https:\/\/www.betsara.com\/wp-content\/uploads\/2018\/09\/positivr-1er-article-1024x576.jpg 1024w, https:\/\/www.betsara.com\/wp-content\/uploads\/2018\/09\/positivr-1er-article-1080x607.jpg 1080w, https:\/\/www.betsara.com\/wp-content\/uploads\/2018\/09\/positivr-1er-article-200x112.jpg 200w, https:\/\/www.betsara.com\/wp-content\/uploads\/2018\/09\/positivr-1er-article-900x506.jpg 900w, https:\/\/www.betsara.com\/wp-content\/uploads\/2018\/09\/positivr-1er-article-1200x675.jpg 1200w, https:\/\/www.betsara.com\/wp-content\/uploads\/2018\/09\/positivr-1er-article-800x450.jpg 800w, https:\/\/www.betsara.com\/wp-content\/uploads\/2018\/09\/positivr-1er-article-400x225.jpg 400w, https:\/\/www.betsara.com\/wp-content\/uploads\/2018\/09\/positivr-1er-article-300x169.jpg 300w, https:\/\/www.betsara.com\/wp-content\/uploads\/2018\/09\/positivr-1er-article.jpg 1366w\" sizes=\"auto, (max-width: 600px) 100vw, 600px\" \/><\/a><\/figure><\/div>\n\n\n\n<h3 class=\"wp-block-heading\">Positivr article<\/h3>\n\n\n\n<p class=\"has-text-align-center\">Article from December 16th 2016<\/p>\n\n\n\n<figure class=\"wp-block-embed-youtube wp-block-embed is-type-video is-provider-youtube wp-embed-aspect-16-9 wp-has-aspect-ratio\"><div class=\"wp-block-embed__wrapper\">\n<iframe loading=\"lazy\" title=\"BETSARA pr\u00e9sentation de la marque et du ravintsara\" width=\"500\" height=\"281\" src=\"https:\/\/www.youtube.com\/embed\/ssM2FkYaiUY?feature=oembed\" frameborder=\"0\" allow=\"accelerometer; autoplay; clipboard-write; encrypted-media; gyroscope; picture-in-picture; web-share\" referrerpolicy=\"strict-origin-when-cross-origin\" allowfullscreen><\/iframe>\n<\/div><\/figure>\n\n\n\n<div class=\"wp-block-image\"><figure class=\"aligncenter\"><a href=\"https:\/\/positivr.fr\/be-tsara-huile-essentielle-ravintsara-travail-a-la-main\/\" target=\"_blank\" rel=\"noopener\"><img loading=\"lazy\" decoding=\"async\" width=\"600\" height=\"337\" src=\"https:\/\/www.betsara.com\/wp-content\/uploads\/2018\/09\/positivr-2A\u00a8me-article-travail-A\u00a0-la-main-17-fA\u00a9vrier-2017-600x337.jpg\" alt=\"\" class=\"wp-image-1656\" srcset=\"https:\/\/www.betsara.com\/wp-content\/uploads\/2018\/09\/positivr-2A\u00a8me-article-travail-A\u00a0-la-main-17-fA\u00a9vrier-2017-600x337.jpg 600w, https:\/\/www.betsara.com\/wp-content\/uploads\/2018\/09\/positivr-2A\u00a8me-article-travail-A\u00a0-la-main-17-fA\u00a9vrier-2017-500x281.jpg 500w, https:\/\/www.betsara.com\/wp-content\/uploads\/2018\/09\/positivr-2A\u00a8me-article-travail-A\u00a0-la-main-17-fA\u00a9vrier-2017-1024x576.jpg 1024w, https:\/\/www.betsara.com\/wp-content\/uploads\/2018\/09\/positivr-2A\u00a8me-article-travail-A\u00a0-la-main-17-fA\u00a9vrier-2017-1080x607.jpg 1080w, https:\/\/www.betsara.com\/wp-content\/uploads\/2018\/09\/positivr-2A\u00a8me-article-travail-A\u00a0-la-main-17-fA\u00a9vrier-2017-200x112.jpg 200w, https:\/\/www.betsara.com\/wp-content\/uploads\/2018\/09\/positivr-2A\u00a8me-article-travail-A\u00a0-la-main-17-fA\u00a9vrier-2017-900x506.jpg 900w, https:\/\/www.betsara.com\/wp-content\/uploads\/2018\/09\/positivr-2A\u00a8me-article-travail-A\u00a0-la-main-17-fA\u00a9vrier-2017-1200x675.jpg 1200w, https:\/\/www.betsara.com\/wp-content\/uploads\/2018\/09\/positivr-2A\u00a8me-article-travail-A\u00a0-la-main-17-fA\u00a9vrier-2017-800x450.jpg 800w, https:\/\/www.betsara.com\/wp-content\/uploads\/2018\/09\/positivr-2A\u00a8me-article-travail-A\u00a0-la-main-17-fA\u00a9vrier-2017-400x225.jpg 400w, https:\/\/www.betsara.com\/wp-content\/uploads\/2018\/09\/positivr-2A\u00a8me-article-travail-A\u00a0-la-main-17-fA\u00a9vrier-2017-300x169.jpg 300w, https:\/\/www.betsara.com\/wp-content\/uploads\/2018\/09\/positivr-2A\u00a8me-article-travail-A\u00a0-la-main-17-fA\u00a9vrier-2017.jpg 1366w\" sizes=\"auto, (max-width: 600px) 100vw, 600px\" \/><\/a><\/figure><\/div>\n\n\n\n<p class=\"has-text-align-center\">The video broadcast by Positivr in November 2016 on social networks has more than 100,000 views on Facebook.<\/p>\n\n\n\n<p class=\"has-text-align-center\">2nd article in Positivr of 15 March 2017 on handworking<\/p>\n\n\n\n<figure class=\"wp-block-embed-youtube wp-block-embed is-type-video is-provider-youtube wp-embed-aspect-16-9 wp-has-aspect-ratio\"><div class=\"wp-block-embed__wrapper\">\n<iframe loading=\"lazy\" title=\"[ J&#039;IRAI CONSOMMER CHEZ VOUS ] L&#039;huile de ravintsara pour lutter contre l&#039;hiver - Betsara\" width=\"500\" height=\"281\" src=\"https:\/\/www.youtube.com\/embed\/5b79e1RkDA0?feature=oembed\" frameborder=\"0\" allow=\"accelerometer; autoplay; clipboard-write; encrypted-media; gyroscope; picture-in-picture; web-share\" referrerpolicy=\"strict-origin-when-cross-origin\" allowfullscreen><\/iframe>\n<\/div><\/figure>\n\n\n\n<p class=\"has-text-align-center\">Bio auvergne Rh\u00f4ne Alpes&#8217; video<\/p>\n","protected":false},"excerpt":{"rendered":"<p>National TV and Paper FRANCE 5 France 5: interview and sharing of the film L&#8217;Or Vert de Madagascar in the program &#8220;Les T\u00e9moins d&#8217;outre-mer&#8221; (Overseas Witnesses) on 20 March 2018 Lib\u00e9ration piece Interview in Lib\u00e9ration July 2017: BE TSARA, THE ETHIC RAVINTSARA OIL Interview with Guillaume G\u00e9rault and description of the ravintsara in Lib\u00e9ration. To [&hellip;]<\/p>\n","protected":false},"author":3,"featured_media":0,"parent":0,"menu_order":0,"comment_status":"closed","ping_status":"closed","template":"","meta":{"footnotes":""},"class_list":["post-14175","page","type-page","status-publish","hentry"],"_links":{"self":[{"href":"https:\/\/www.betsara.com\/en\/wp-json\/wp\/v2\/pages\/14175","targetHints":{"allow":["GET"]}}],"collection":[{"href":"https:\/\/www.betsara.com\/en\/wp-json\/wp\/v2\/pages"}],"about":[{"href":"https:\/\/www.betsara.com\/en\/wp-json\/wp\/v2\/types\/page"}],"author":[{"embeddable":true,"href":"https:\/\/www.betsara.com\/en\/wp-json\/wp\/v2\/users\/3"}],"replies":[{"embeddable":true,"href":"https:\/\/www.betsara.com\/en\/wp-json\/wp\/v2\/comments?post=14175"}],"version-history":[{"count":3,"href":"https:\/\/www.betsara.com\/en\/wp-json\/wp\/v2\/pages\/14175\/revisions"}],"predecessor-version":[{"id":14518,"href":"https:\/\/www.betsara.com\/en\/wp-json\/wp\/v2\/pages\/14175\/revisions\/14518"}],"wp:attachment":[{"href":"https:\/\/www.betsara.com\/en\/wp-json\/wp\/v2\/media?parent=14175"}],"curies":[{"name":"wp","href":"https:\/\/api.w.org\/{rel}","templated":true}]}}